{"id":751,"date":"2023-02-23T12:06:14","date_gmt":"2023-02-23T12:06:14","guid":{"rendered":"https:\/\/miluyrafa.bodasenvilladeleyva.com\/?page_id=751"},"modified":"2026-02-02T23:08:32","modified_gmt":"2026-02-02T23:08:32","slug":"751-2","status":"publish","type":"page","link":"https:\/\/daniychema.bodasenvilladeleyva.com\/english\/751-2\/","title":{"rendered":""},"content":{"rendered":"\r\n<p class=\"has-text-align-center\" style=\"text-align: center;\">\n\t\t<div id=\"chills-text-widget-15\" class=\"widget chills-text-widget amr_widget\">\t\n\t\t\n\t\t<div class=\"row\">\n\t\t\t<h2 class=\"widget-title\">Restaurants<\/h2>\n\t\t\t<span class=\"widget-divider\"><\/span>\n\t\t\t<p><\/p>\n\t\t\t\t\t<\/div>\n\n\t\t<\/div>\t\t<\/p>\r\n\r\n\r\n\r\n<p class=\"has-text-align-center\" style=\"text-align: center;\">Enjoy the local, national, and international cuisine offered by this wonderful destination, which, as part of its charm, has adapted to the diverse tastes of its visitors.<\/p>\r\n<p>&nbsp;<\/p>\r\n\r\n\r\n\r\n\r\n\r\n<p style=\"text-align: center;\"><a href=\"https:\/\/www.instagram.com\/bistro.lamaria\/\">Restaurante La Mar\u00eda Bistro<\/a><\/p>\r\n<p class=\"has-text-align-center\" style=\"text-align: center;\"><a href=\"http:\/\/casasanpedro.com\/\">Restaurante Casa San Pedro<\/a><\/p>\r\n\r\n\r\n\r\n<p class=\"has-text-align-center\" style=\"text-align: center;\"><a href=\"http:\/\/wwww.elrincongourmetdelavilla.com\/index.html\">El Rinc\u00f3n Gourmet de La Villa Piano-Bar Florencia<\/a><\/p>\r\n\r\n\r\n\r\n\r\n\r\n\r\n\r\n<p class=\"has-text-align-center\" style=\"text-align: center;\"><a href=\"https:\/\/amore-mio-7.ueniweb.com\/\">Restaurante Amore M\u00edo<\/a><\/p>\r\n\r\n\r\n\r\n<p class=\"has-text-align-center\" style=\"text-align: center;\"><a href=\"https:\/\/www.instagram.com\/mercadomunicipalvdl\/?hl=es\">Restaurante El Mercado Municipal<\/a><\/p>\r\n\r\n\r\n\r\n<p class=\"has-text-align-center\" style=\"text-align: center;\"><a href=\"https:\/\/www.facebook.com\/casaquinteroboyaca\/?locale=es_LA\">Casa Quintero<\/a><\/p>\r\n\r\n\r\n\r\n<p class=\"has-text-align-center\" style=\"text-align: center;\"><a href=\"https:\/\/www.instagram.com\/centroelatico\/?hl=es\">Centro el \u00c1tico<\/a><\/p>\r\n<p style=\"text-align: center;\"><a href=\"https:\/\/www.instagram.com\/elcamaleonrestaurante\/?hl=es-la\">Camale\u00f3n<\/a><\/p>\r\n<p style=\"text-align: center;\"><a href=\"https:\/\/bombondivinacocinasas.com\/\">Bombon Divina Cocina<\/a><\/p>\r\n<p style=\"text-align: center;\"><a href=\"https:\/\/lagalleta.com.co\/\">La Galleta<\/a><\/p>\r\n<p style=\"text-align: center;\"><a href=\"https:\/\/goo.gl\/maps\/v9vCMGMENvskRAae7\">Merc\u00e9<\/a><\/p>\r\n<p style=\"text-align: center;\"><a href=\"https:\/\/genkiglamping.com\/bar-y-restaurante\/\">Genki<\/a><\/p>\r\n<p style=\"text-align: center;\"><a href=\"https:\/\/www.instagram.com\/elpescadorpasteleria\/\">El Pescador Pasteler\u00eda<\/a><\/p>\r\n<p style=\"text-align: center;\"><a href=\"https:\/\/www.instagram.com\/elpescadorpasteleria\/\" rel=\"noopener noreferrer\">El Pescador Pasteler\u00eda<\/a><\/p>\r\n<p style=\"text-align: center;\"><a href=\"https:\/\/www.instagram.com\/laosteriavilladeleyva\/\">La Oster\u00eda<\/a><\/p>\r\n<p style=\"text-align: center;\"><a href=\"https:\/\/maps.app.goo.gl\/g8P64BYPe4KxhwVT7?g_st=iw\">Pasteler\u00eda Francesa<\/a><\/p>\r\n<p style=\"text-align: center;\"><a href=\"https:\/\/elpatiovilladeleyva.com\/\">El Patio<\/a><\/p>\r\n","protected":false},"excerpt":{"rendered":"<p>Enjoy the local, national, and international cuisine offered by this wonderful destination, which, as part of its charm, has adapted to the diverse tastes of its visitors. &nbsp; Restaurante La Mar\u00eda Bistro Restaurante Casa San Pedro El Rinc\u00f3n Gourmet de La Villa Piano-Bar Florencia Restaurante Amore M\u00edo Restaurante El Mercado Municipal Casa Quintero Centro el [&hellip;]<\/p>\n","protected":false},"author":1,"featured_media":0,"parent":0,"menu_order":0,"comment_status":"closed","ping_status":"closed","template":"","meta":{"footnotes":""},"class_list":["post-751","page","type-page","status-publish","hentry"],"_links":{"self":[{"href":"https:\/\/daniychema.bodasenvilladeleyva.com\/english\/wp-json\/wp\/v2\/pages\/751","targetHints":{"allow":["GET"]}}],"collection":[{"href":"https:\/\/daniychema.bodasenvilladeleyva.com\/english\/wp-json\/wp\/v2\/pages"}],"about":[{"href":"https:\/\/daniychema.bodasenvilladeleyva.com\/english\/wp-json\/wp\/v2\/types\/page"}],"author":[{"embeddable":true,"href":"https:\/\/daniychema.bodasenvilladeleyva.com\/english\/wp-json\/wp\/v2\/users\/1"}],"replies":[{"embeddable":true,"href":"https:\/\/daniychema.bodasenvilladeleyva.com\/english\/wp-json\/wp\/v2\/comments?post=751"}],"version-history":[{"count":6,"href":"https:\/\/daniychema.bodasenvilladeleyva.com\/english\/wp-json\/wp\/v2\/pages\/751\/revisions"}],"predecessor-version":[{"id":1408,"href":"https:\/\/daniychema.bodasenvilladeleyva.com\/english\/wp-json\/wp\/v2\/pages\/751\/revisions\/1408"}],"wp:attachment":[{"href":"https:\/\/daniychema.bodasenvilladeleyva.com\/english\/wp-json\/wp\/v2\/media?parent=751"}],"curies":[{"name":"wp","href":"https:\/\/api.w.org\/{rel}","templated":true}]}}