{"id":39,"date":"2015-07-14T10:50:13","date_gmt":"2015-07-14T10:50:13","guid":{"rendered":"http:\/\/themechills.com\/preview\/lily\/?page_id=39"},"modified":"2026-02-03T15:46:39","modified_gmt":"2026-02-03T15:46:39","slug":"transporte","status":"publish","type":"page","link":"https:\/\/daniychema.bodasenvilladeleyva.com\/english\/transporte\/","title":{"rendered":""},"content":{"rendered":"\r\n\r\n\r\n<p class=\"has-text-align-center\" style=\"text-align: center;\">\n\t\t<div id=\"chills-text-widget-17\" class=\"widget chills-text-widget amr_widget\">\t\n\t\t\n\t\t<div class=\"row\">\n\t\t\t<h2 class=\"widget-title\">Transport<\/h2>\n\t\t\t<span class=\"widget-divider\"><\/span>\n\t\t\t<p><\/p>\n\t\t\t\t\t<\/div>\n\n\t\t<\/div>\t\t<\/p>\r\n<h1 class=\"has-text-align-center\" style=\"text-align: center;\"><strong>Arrival recommendations in Bogot\u00e1<\/strong><\/h1>\r\n<div class=\"elementor-element elementor-element-48919b9 e-flex e-con-boxed e-con e-parent\" data-id=\"48919b9\" data-element_type=\"container\" data-settings=\"{&quot;content_width&quot;:&quot;boxed&quot;}\" data-core-v316-plus=\"true\">\r\n<div class=\"e-con-inner\">\r\n<div class=\"elementor-element elementor-element-bac4650 elementor-widget__width-initial elementor-widget elementor-widget-text-editor\" data-id=\"bac4650\" data-element_type=\"widget\" data-widget_type=\"text-editor.default\">\r\n<div class=\"elementor-widget-container\">\r\n<p style=\"text-align: center;\">Although in general Colombia is a safe country, please take extra precautions and do not hail a cab from the streets or at the airport. Instead use any of the below options:<\/p>\r\n<\/div>\r\n<\/div>\r\n<div class=\"elementor-element elementor-element-be1e52d elementor-widget elementor-widget-spacer\" style=\"text-align: center;\" data-id=\"be1e52d\" data-element_type=\"widget\" data-widget_type=\"spacer.default\">\r\n<div class=\"elementor-widget-container\">\r\n<div class=\"elementor-spacer\">\r\n<div class=\"elementor-spacer-inner\">\u00a0<\/div>\r\n<\/div>\r\n<\/div>\r\n<\/div>\r\n<div class=\"elementor-element elementor-element-cb73bd4 elementor-widget elementor-widget-text-editor\" style=\"text-align: center;\" data-id=\"cb73bd4\" data-element_type=\"widget\" data-widget_type=\"text-editor.default\">\r\n<div class=\"elementor-widget-container\">\r\n<h6 class=\"HeadlineItem css-xh9me0\" data-testid=\"headline-item-110506536\"><strong>UBER<\/strong><\/h6>\r\n<\/div>\r\n<\/div>\r\n<div class=\"elementor-element elementor-element-feacf02 elementor-widget__width-initial elementor-widget elementor-widget-text-editor\" style=\"text-align: center;\" data-id=\"feacf02\" data-element_type=\"widget\" data-widget_type=\"text-editor.default\">\r\n<div class=\"elementor-widget-container\">\r\n<p>Uber works like it does anywhere else.<\/p>\r\n<\/div>\r\n<\/div>\r\n<\/div>\r\n<\/div>\r\n<div class=\"elementor-element elementor-element-9c77327 e-flex e-con-boxed e-con e-parent\" style=\"text-align: center;\" data-id=\"9c77327\" data-element_type=\"container\" data-settings=\"{&quot;content_width&quot;:&quot;boxed&quot;}\" data-core-v316-plus=\"true\">\r\n<div class=\"e-con-inner\">\r\n<div class=\"elementor-element elementor-element-5d37353 elementor-widget elementor-widget-spacer\" data-id=\"5d37353\" data-element_type=\"widget\" data-widget_type=\"spacer.default\">\r\n<div class=\"elementor-widget-container\">\r\n<div class=\"elementor-spacer\">\r\n<div class=\"elementor-spacer-inner\">\u00a0<\/div>\r\n<\/div>\r\n<\/div>\r\n<\/div>\r\n<div class=\"elementor-element elementor-element-41aa090 elementor-widget elementor-widget-text-editor\" data-id=\"41aa090\" data-element_type=\"widget\" data-widget_type=\"text-editor.default\">\r\n<div class=\"elementor-widget-container\">\r\n<h6 class=\"HeadlineItem css-xh9me0\" data-testid=\"headline-item-110506536\">HOTEL OR AIRPORT TAXI<\/h6>\r\n<\/div>\r\n<\/div>\r\n<div class=\"elementor-element elementor-element-b6772f5 elementor-widget__width-initial elementor-widget elementor-widget-text-editor\" data-id=\"b6772f5\" data-element_type=\"widget\" data-widget_type=\"text-editor.default\">\r\n<div class=\"elementor-widget-container\">\r\n<p>Work with your hotel to schedule a cab for you. You can also take an official taxi from within the airport to your hotel destination.<\/p>\r\n<\/div>\r\n<\/div>\r\n<\/div>\r\n<\/div>\r\n<div class=\"elementor-element elementor-element-4c54426 e-flex e-con-boxed e-con e-parent\" data-id=\"4c54426\" data-element_type=\"container\" data-settings=\"{&quot;content_width&quot;:&quot;boxed&quot;}\" data-core-v316-plus=\"true\">\r\n<div class=\"e-con-inner\">\r\n<div class=\"elementor-element elementor-element-ff2636f elementor-widget elementor-widget-spacer\" style=\"text-align: center;\" data-id=\"ff2636f\" data-element_type=\"widget\" data-widget_type=\"spacer.default\">\r\n<div class=\"elementor-widget-container\">\r\n<div class=\"elementor-spacer\">\r\n<div class=\"elementor-spacer-inner\">\u00a0<\/div>\r\n<\/div>\r\n<\/div>\r\n<\/div>\r\n<div class=\"elementor-element elementor-element-92f18a4 elementor-widget elementor-widget-text-editor\" style=\"text-align: center;\" data-id=\"92f18a4\" data-element_type=\"widget\" data-widget_type=\"text-editor.default\">\r\n<div class=\"elementor-widget-container\">\r\n<h6 class=\"HeadlineItem css-xh9me0\" data-testid=\"headline-item-110506536\"><strong>HOTEL SHUTTLE<\/strong><\/h6>\r\n<\/div>\r\n<\/div>\r\n<div class=\"elementor-element elementor-element-665eda1 elementor-widget__width-initial elementor-widget elementor-widget-text-editor\" data-id=\"665eda1\" data-element_type=\"widget\" data-widget_type=\"text-editor.default\">\r\n<div class=\"elementor-widget-container\">\r\n<p style=\"text-align: center;\">Inquire with your hotel about the shuttles available to and from your Bogot\u00e1 hotel and the BOG airport.<\/p>\r\n<p>&nbsp;<\/p>\r\n<\/div>\r\n<\/div>\r\n<\/div>\r\n<\/div>\r\n\r\n\r\n\r\n<h1 class=\"has-text-align-center wp-block-heading\" style=\"text-align: center;\"><strong>Travel to Villa de Leyva<\/strong><\/h1>\r\n<p>&nbsp;<\/p>\r\n<h3 class=\"has-text-align-center\" style=\"text-align: center;\">By car<\/h3>\r\n\r\n\r\n\r\n<h4 class=\"has-text-align-center wp-block-heading\" style=\"text-align: center;\">Bogot\u00e1 &#8211; Tunja &#8211; Villa de Leyva<\/h4>\r\n\r\n\r\n\r\n<p class=\"has-text-align-center\" style=\"text-align: center;\">Depart Bogot\u00e1 via the Autopista Norte toward Tunja. Before reaching Tunja, just after passing the Puente de Boyac\u00e1, take the left-hand return toward Samac\u00e1. From there, you will join the midway point of the road connecting Tunja and Villa de Leyva. This route allows you to bypass Tunja; although there are a few rough stretches, it offers the most beautiful scenery and is our favorite route.<\/p>\r\n<p class=\"has-text-align-center\" style=\"text-align: center;\">Travel time: 2 hours and 45 minutes<\/p>\r\n\r\n\r\n\r\n<p style=\"text-align: center;\" data-start=\"627\" data-end=\"979\">Depart Bogot\u00e1 via the Autopista Norte toward Tunja. In Tunja, take the road toward Chiquinquir\u00e1, and before reaching S\u00e1chica (just after the toll booth), turn off toward Villa de Leyva. With the new dual carriageway, the road is very good up to Tunja. While in Tunja, you may visit the Founder\u2019s House, Plaza de Bol\u00edvar, and tour its historic churches.<\/p>\r\n<p style=\"text-align: center;\" data-start=\"981\" data-end=\"1005\">Travel time: 3 hours<\/p>\r\n\r\n\r\n\r\n<h4 class=\"has-text-align-center wp-block-heading\" style=\"text-align: center;\">Bogot\u00e1 \u2013 Chiquinquir\u00e1 \u2013 Villa de Leyva<\/h4>\r\n\r\n\r\n\r\n<p style=\"text-align: center;\" data-start=\"1012\" data-end=\"1354\">Along the way, you can stop at the Zipaquir\u00e1 Salt Cathedral, Ubat\u00e9, Lake F\u00faquene, the recently renovated Shrine of Our Lady of Chiquinquir\u00e1, R\u00e1quira, Sutamarch\u00e1n, and finally Villa de Leyva. This is the ideal route for returning to Bogot\u00e1, traveling from town to town, with very beautiful scenery.<\/p>\r\n<p style=\"text-align: center;\" data-start=\"1356\" data-end=\"1395\">Travel time: 3 hours and 30 minutes<\/p>\r\n\r\n\r\n\r\n\r\n\r\n\r\n\r\n\r\n\r\n\r\n","protected":false},"excerpt":{"rendered":"<p>Arrival recommendations in Bogot\u00e1 Although in general Colombia is a safe country, please take extra precautions and do not hail a cab from the streets or at the airport. Instead use any of the below options: \u00a0 UBER Uber works like it does anywhere else. \u00a0 HOTEL OR AIRPORT TAXI Work with your hotel to [&hellip;]<\/p>\n","protected":false},"author":1,"featured_media":0,"parent":0,"menu_order":0,"comment_status":"closed","ping_status":"closed","template":"","meta":{"footnotes":""},"class_list":["post-39","page","type-page","status-publish","hentry"],"_links":{"self":[{"href":"https:\/\/daniychema.bodasenvilladeleyva.com\/english\/wp-json\/wp\/v2\/pages\/39","targetHints":{"allow":["GET"]}}],"collection":[{"href":"https:\/\/daniychema.bodasenvilladeleyva.com\/english\/wp-json\/wp\/v2\/pages"}],"about":[{"href":"https:\/\/daniychema.bodasenvilladeleyva.com\/english\/wp-json\/wp\/v2\/types\/page"}],"author":[{"embeddable":true,"href":"https:\/\/daniychema.bodasenvilladeleyva.com\/english\/wp-json\/wp\/v2\/users\/1"}],"replies":[{"embeddable":true,"href":"https:\/\/daniychema.bodasenvilladeleyva.com\/english\/wp-json\/wp\/v2\/comments?post=39"}],"version-history":[{"count":13,"href":"https:\/\/daniychema.bodasenvilladeleyva.com\/english\/wp-json\/wp\/v2\/pages\/39\/revisions"}],"predecessor-version":[{"id":1327,"href":"https:\/\/daniychema.bodasenvilladeleyva.com\/english\/wp-json\/wp\/v2\/pages\/39\/revisions\/1327"}],"wp:attachment":[{"href":"https:\/\/daniychema.bodasenvilladeleyva.com\/english\/wp-json\/wp\/v2\/media?parent=39"}],"curies":[{"name":"wp","href":"https:\/\/api.w.org\/{rel}","templated":true}]}}